{"id":635,"date":"2023-02-18T14:29:32","date_gmt":"2023-02-18T14:29:32","guid":{"rendered":"https:\/\/oncologiebenimellal.ma\/?page_id=635"},"modified":"2023-07-16T10:42:00","modified_gmt":"2023-07-16T10:42:00","slug":"radiotherapie","status":"publish","type":"page","link":"https:\/\/oncologiebenimellal.ma\/ar\/radiotherapie\/","title":{"rendered":"\u0627\u0644\u0639\u0644\u0627\u062c \u0627\u0644\u0625\u0634\u0639\u0627\u0639\u064a"},"content":{"rendered":"<div data-elementor-type=\"wp-page\" data-elementor-id=\"635\" class=\"elementor elementor-635\">\n\t\t\t\t\t\t\t\t\t<section class=\"elementor-section elementor-top-section elementor-element elementor-element-ede6f42 elementor-section-boxed elementor-section-height-default elementor-section-height-default\" data-id=\"ede6f42\" data-element_type=\"section\" data-settings=\"{&quot;background_background&quot;:&quot;classic&quot;,&quot;_ha_eqh_enable&quot;:false}\">\n\t\t\t\t\t\t\t<div class=\"elementor-background-overlay\"><\/div>\n\t\t\t\t\t\t\t<div class=\"elementor-container elementor-column-gap-default\">\n\t\t\t\t\t<div class=\"elementor-column elementor-col-100 elementor-top-column elementor-element elementor-element-bc6a053\" data-id=\"bc6a053\" data-element_type=\"column\">\n\t\t\t<div class=\"elementor-widget-wrap elementor-element-populated\">\n\t\t\t\t\t\t\t\t<div class=\"elementor-element elementor-element-32a6ad1b elementor-widget elementor-widget-heading\" data-id=\"32a6ad1b\" data-element_type=\"widget\" data-widget_type=\"heading.default\">\n\t\t\t\t<div class=\"elementor-widget-container\">\n\t\t\t<style>\/*! elementor - v3.14.0 - 26-06-2023 *\/\n.elementor-heading-title{padding:0;margin:0;line-height:1}.elementor-widget-heading .elementor-heading-title[class*=elementor-size-]>a{color:inherit;font-size:inherit;line-height:inherit}.elementor-widget-heading .elementor-heading-title.elementor-size-small{font-size:15px}.elementor-widget-heading .elementor-heading-title.elementor-size-medium{font-size:19px}.elementor-widget-heading .elementor-heading-title.elementor-size-large{font-size:29px}.elementor-widget-heading .elementor-heading-title.elementor-size-xl{font-size:39px}.elementor-widget-heading .elementor-heading-title.elementor-size-xxl{font-size:59px}<\/style><h1 class=\"elementor-heading-title elementor-size-default\">\u0627\u0644\u0639\u0644\u0627\u062c \u0627\u0644\u0625\u0634\u0639\u0627\u0639\u064a<\/h1>\t\t<\/div>\n\t\t\t\t<\/div>\n\t\t\t\t<div class=\"elementor-element elementor-element-5d7b1eb elementor-widget elementor-widget-html\" data-id=\"5d7b1eb\" data-element_type=\"widget\" data-widget_type=\"html.default\">\n\t\t\t\t<div class=\"elementor-widget-container\">\n\t\t\t<ul class=\"custom-breadcrumb\">\r\n    <li><a href=\"https:\/\/oncologiebenimellal.ma\/ar\/\">\u0627\u0644\u0631\u0626\u064a\u0633\u064a\u0629<\/a><\/li>\r\n    <li><i class=\"fa fa-angle-right\"><\/i><\/li>\r\n    <li>\u0627\u0644\u0639\u0644\u0627\u062c \u0627\u0644\u0625\u0634\u0639\u0627\u0639\u064a<\/li>\r\n<\/ul>\t\t<\/div>\n\t\t\t\t<\/div>\n\t\t\t\t\t<\/div>\n\t\t<\/div>\n\t\t\t\t\t\t\t<\/div>\n\t\t<\/section>\n\t\t\t\t<section class=\"elementor-section elementor-top-section elementor-element elementor-element-afe0eed elementor-section-boxed elementor-section-height-default elementor-section-height-default\" data-id=\"afe0eed\" data-element_type=\"section\" data-settings=\"{&quot;_ha_eqh_enable&quot;:false}\">\n\t\t\t\t\t\t<div class=\"elementor-container elementor-column-gap-default\">\n\t\t\t\t\t<div class=\"elementor-column elementor-col-100 elementor-top-column elementor-element elementor-element-9ac2d3a\" data-id=\"9ac2d3a\" data-element_type=\"column\">\n\t\t\t<div class=\"elementor-widget-wrap elementor-element-populated\">\n\t\t\t\t\t\t\t\t<div class=\"elementor-element elementor-element-ca7eea1 elementor-widget elementor-widget-heading\" data-id=\"ca7eea1\" data-element_type=\"widget\" data-widget_type=\"heading.default\">\n\t\t\t\t<div class=\"elementor-widget-container\">\n\t\t\t<h2 class=\"elementor-heading-title elementor-size-default\">\u0627\u0644\u0639\u0644\u0627\u062c \u0627\u0644\u0625\u0634\u0639\u0627\u0639\u064a \u0648 \u0627\u0644\u0639\u0644\u0627\u062c \u0627\u0644\u0625\u0634\u0639\u0627\u0639\u064a \u0627\u0644\u062f\u0627\u062e\u0644\u064a<\/h2>\t\t<\/div>\n\t\t\t\t<\/div>\n\t\t\t\t<div class=\"elementor-element elementor-element-fda5eea elementor-widget elementor-widget-image\" data-id=\"fda5eea\" data-element_type=\"widget\" data-widget_type=\"image.default\">\n\t\t\t\t<div class=\"elementor-widget-container\">\n\t\t\t<style>\/*! elementor - v3.14.0 - 26-06-2023 *\/\n.elementor-widget-image{text-align:center}.elementor-widget-image a{display:inline-block}.elementor-widget-image a img[src$=\".svg\"]{width:48px}.elementor-widget-image img{vertical-align:middle;display:inline-block}<\/style>\t\t\t\t\t\t\t\t\t\t\t\t<img loading=\"lazy\" decoding=\"async\" width=\"700\" height=\"466\" src=\"https:\/\/oncologiebenimellal.ma\/wp-content\/uploads\/2023\/02\/IRSN_BDC-SAN_Radiotherapie-stereotaxique_201904.jpg\" class=\"attachment-full size-full wp-image-637\" alt=\"\" srcset=\"https:\/\/oncologiebenimellal.ma\/wp-content\/uploads\/2023\/02\/IRSN_BDC-SAN_Radiotherapie-stereotaxique_201904.jpg 700w, https:\/\/oncologiebenimellal.ma\/wp-content\/uploads\/2023\/02\/IRSN_BDC-SAN_Radiotherapie-stereotaxique_201904-300x200.jpg 300w, https:\/\/oncologiebenimellal.ma\/wp-content\/uploads\/2023\/02\/IRSN_BDC-SAN_Radiotherapie-stereotaxique_201904-18x12.jpg 18w\" sizes=\"auto, (max-width: 700px) 100vw, 700px\" \/>\t\t\t\t\t\t\t\t\t\t\t\t\t\t\t<\/div>\n\t\t\t\t<\/div>\n\t\t\t\t<div class=\"elementor-element elementor-element-c6740b3 elementor-widget elementor-widget-text-editor\" data-id=\"c6740b3\" data-element_type=\"widget\" data-widget_type=\"text-editor.default\">\n\t\t\t\t<div class=\"elementor-widget-container\">\n\t\t\t<style>\/*! elementor - v3.14.0 - 26-06-2023 *\/\n.elementor-widget-text-editor.elementor-drop-cap-view-stacked .elementor-drop-cap{background-color:#69727d;color:#fff}.elementor-widget-text-editor.elementor-drop-cap-view-framed .elementor-drop-cap{color:#69727d;border:3px solid;background-color:transparent}.elementor-widget-text-editor:not(.elementor-drop-cap-view-default) .elementor-drop-cap{margin-top:8px}.elementor-widget-text-editor:not(.elementor-drop-cap-view-default) .elementor-drop-cap-letter{width:1em;height:1em}.elementor-widget-text-editor .elementor-drop-cap{float:left;text-align:center;line-height:1;font-size:50px}.elementor-widget-text-editor .elementor-drop-cap-letter{display:inline-block}<\/style>\t\t\t\t<div>\n<div>\n<div>\n<h5><b>\u0627\u0644\u0639\u0644\u0627\u062c \u0627\u0644\u0625\u0634\u0639\u0627\u0639\u064a \u0627\u0644\u062e\u0627\u0631\u062c\u064a<\/b> \u0647\u0648 \u0639\u0644\u0627\u062c \u063a\u064a\u0631 \u063a\u0627\u0632\u064d \u064a\u0633\u062a\u062e\u062f\u0645 \u0627\u0644\u0625\u0634\u0639\u0627\u0639\u0627\u062a \u0627\u0644\u0645\u0624\u064a\u0646\u0629 \u0644\u062a\u062f\u0645\u064a\u0631 \u0623\u0648 \u062a\u0644\u0641 \u0627\u0644\u062e\u0644\u0627\u064a\u0627 \u0627\u0644\u0633\u0631\u0637\u0627\u0646\u064a\u0629 \u0639\u0646\u062f \u0645\u0633\u062a\u0648\u0649 \u0627\u0644\u0648\u0631\u0645\u060c \u0648\u0641\u064a\u0645\u0627 \u064a\u0644\u064a \u0643\u064a\u0641 \u064a\u0639\u0645\u0644 \u0627\u0644\u0639\u0644\u0627\u062c \u0627\u0644\u0625\u0634\u0639\u0627\u0639\u064a \u0627\u0644\u062e\u0627\u0631\u062c\u064a \u0648\u0643\u064a\u0641 \u064a\u062a\u0645 \u0639\u0645\u0648\u0645\u0627\u064b:<\/h5>\n<ol>\n<li>\n<p>\u0627\u0644\u062a\u0642\u064a\u064a\u0645 \u0627\u0644\u0623\u0648\u0644\u064a: \u0642\u0628\u0644 \u0628\u062f\u0621 \u0627\u0644\u0639\u0644\u0627\u062c \u0627\u0644\u0625\u0634\u0639\u0627\u0639\u064a \u0627\u0644\u062e\u0627\u0631\u062c\u064a\u060c \u064a\u062e\u0636\u0639 \u0627\u0644\u0645\u0631\u064a\u0636 \u0644\u062a\u0642\u064a\u064a\u0645 \u0634\u0627\u0645\u0644 \u064a\u062a\u0636\u0645\u0646 \u0627\u0644\u0641\u062d\u0648\u0635\u0627\u062a \u0627\u0644\u0637\u0628\u064a\u0629 \u0648\u062a\u062d\u0627\u0644\u064a\u0644 \u0627\u0644\u062f\u0645 \u0648\u0641\u062d\u0648\u0635 \u0627\u0644\u0635\u0648\u0631\u0629 \u0627\u0644\u0637\u0628\u064a\u0629 (\u0645\u062b\u0644 \u0627\u0644\u0643\u0645\u0628\u064a\u0648\u062a\u0631 \u0627\u0644\u0645\u0642\u0637\u0639\u064a \u0648\u0627\u0644\u0631\u0646\u064a\u0646 \u0627\u0644\u0645\u063a\u0646\u0627\u0637\u064a\u0633\u064a) \u0648\u0623\u062d\u064a\u0627\u0646\u064b\u0627 \u064a\u062a\u0645 \u062a\u062c\u0631\u0628\u0629 \u0627\u0644\u0648\u0636\u0639 \u0627\u0644\u062f\u0642\u064a\u0642 \u0644\u0644\u0645\u0631\u064a\u0636 \u0623\u062b\u0646\u0627\u0621 \u0627\u0644\u0639\u0644\u0627\u062c.<\/p>\n<\/li>\n<li>\n<p>\u062a\u062e\u0637\u064a\u0637 \u0627\u0644\u0639\u0644\u0627\u062c: \u064a\u0642\u0648\u0645 \u0623\u062e\u0635\u0627\u0626\u064a \u0627\u0644\u0623\u0648\u0631\u0627\u0645 \u0648\u0627\u0644\u0641\u0631\u064a\u0642 \u0627\u0644\u0637\u0628\u064a \u0628\u0648\u0636\u0639 \u062e\u0637\u0629 \u0639\u0644\u0627\u062c \u0645\u062e\u0635\u0635\u0629 \u0628\u0627\u0633\u062a\u062e\u062f\u0627\u0645 \u0627\u0644\u0635\u0648\u0631 \u0627\u0644\u0637\u0628\u064a\u0629 \u0644\u0644\u0648\u0631\u0645. \u062a\u062d\u062f\u062f \u0647\u0630\u0647 \u0627\u0644\u062e\u0637\u0629 \u062c\u0631\u0639\u0629 \u0627\u0644\u0625\u0634\u0639\u0627\u0639\u060c \u0648\u0634\u0643\u0644 \u0627\u0644\u062d\u0632\u0645\u060c \u0648\u0627\u062a\u062c\u0627\u0647 \u0627\u0644\u0625\u0634\u0639\u0627\u0639\u060c \u0648\u0645\u062f\u0629 \u0627\u0644\u0639\u0644\u0627\u062c.<\/p>\n<\/li>\n<li>\n<p>\u062c\u0644\u0633\u0627\u062a \u0627\u0644\u0639\u0644\u0627\u062c \u0627\u0644\u0625\u0634\u0639\u0627\u0639\u064a: \u064a\u062a\u0645 \u0625\u0639\u0637\u0627\u0621 \u0627\u0644\u0639\u0644\u0627\u062c \u0639\u0627\u062f\u0629 \u064a\u0648\u0645\u064a\u0627\u064b \u0641\u064a \u062c\u0644\u0633\u0627\u062a \u0645\u062a\u0643\u0631\u0631\u0629 \u0639\u0644\u0649 \u0645\u062f\u0649 \u0639\u062f\u0629 \u0623\u0633\u0627\u0628\u064a\u0639. \u0643\u0644 \u062c\u0644\u0633\u0629 \u062a\u0633\u062a\u063a\u0631\u0642 \u0628\u0636\u0639 \u062f\u0642\u0627\u0626\u0642 \u0641\u0642\u0637\u060c \u0648\u0644\u0643\u0646 \u0627\u0644\u0627\u0646\u062a\u0638\u0627\u0645 \u0636\u0631\u0648\u0631\u064a \u0644\u062a\u0639\u0638\u064a\u0645 \u062a\u0623\u062b\u064a\u0631 \u0627\u0644\u0625\u0634\u0639\u0627\u0639 \u0639\u0644\u0649 \u0627\u0644\u062e\u0644\u0627\u064a\u0627 \u0627\u0644\u0633\u0631\u0637\u0627\u0646\u064a\u0629.<\/p>\n<\/li>\n<li>\n<p>\u0648\u0636\u0639 \u0627\u0644\u0645\u0631\u064a\u0636: \u062e\u0644\u0627\u0644 \u0643\u0644 \u062c\u0644\u0633\u0629 \u0639\u0644\u0627\u062c\u060c \u064a\u062a\u0645 \u0648\u0636\u0639 \u0627\u0644\u0645\u0631\u064a\u0636 \u0639\u0644\u0649 \u0637\u0627\u0648\u0644\u0629 \u0627\u0644\u0639\u0644\u0627\u062c \u0641\u064a \u0648\u0636\u0639 \u062f\u0642\u064a\u0642\u060c \u0628\u0646\u0627\u0621\u064b \u0639\u0644\u0649 \u0627\u0644\u062e\u0637\u0629 \u0627\u0644\u0639\u0644\u0627\u062c\u064a\u0629 \u0627\u0644\u0645\u062d\u062f\u062f\u0629 \u0623\u062b\u0646\u0627\u0621 \u0627\u0644\u062a\u062c\u0631\u0628\u0629. \u064a\u0645\u0643\u0646 \u0627\u0633\u062a\u062e\u062f\u0627\u0645 \u0623\u062c\u0647\u0632\u0629 \u062a\u062d\u062f\u064a\u062f \u0627\u0644\u0645\u0648\u0642\u0639\u060c \u0645\u062b\u0644 \u0627\u0644\u0623\u0642\u0646\u0639\u0629 \u0623\u0648 \u0627\u0644\u0642\u0648\u0627\u0644\u0628\u060c \u0644\u0644\u0645\u0633\u0627\u0639\u062f\u0629 \u0641\u064a \u0627\u0644\u062d\u0641\u0627\u0638 \u0639\u0644\u0649 \u0648\u0636\u0639\u064a\u0629 \u062b\u0627\u0628\u062a\u0629 \u0648\u0642\u0627\u0628\u0644\u0629 \u0644\u0644\u062a\u0643\u0631\u0627\u0631.<\/p>\n<\/li>\n<li>\n<p>\u062a\u0646\u0641\u064a\u0630 \u0627\u0644\u0639\u0644\u0627\u062c: \u064a\u0642\u0648\u0645 \u0645\u0639\u0627\u0644\u062c \u0627\u0644\u0625\u0634\u0639\u0627\u0639 \u0628\u062a\u0633\u0644\u064a\u0645 \u0623\u0634\u0639\u0629 \u0627\u0644\u0625\u0634\u0639\u0627\u0639 \u0639\u0646\u062f \u0645\u0633\u062a\u0648\u0649 \u0627\u0644\u0648\u0631\u0645 \u0628\u0627\u0633\u062a\u062e\u062f\u0627\u0645 \u0645\u0639\u062f\u0627\u062a \u0645\u062b\u0644 \u0627\u0644\u0645\u0633\u0631\u0639 \u0627\u0644\u062e\u0637\u064a. \u062a\u062a\u0645 \u0636\u0628\u0637 \u0647\u0630\u0647 \u0627\u0644\u0623\u0634\u0639\u0629 \u0648\u0641\u0642\u064b\u0627 \u0644\u0644\u0632\u0648\u0627\u064a\u0627 \u0627\u0644\u062e\u0627\u0635\u0629 \u0648\u0627\u0644\u0639\u0645\u0642 \u0627\u0644\u0645\u062d\u0633\u0648\u0628\u0629 \u0628\u0648\u0627\u0633\u0637\u0629 \u0627\u0644\u062e\u0637\u0629 \u0627\u0644\u0639\u0644\u0627\u062c\u064a\u0629\u060c \u0644\u0627\u0633\u062a\u0647\u062f\u0627\u0641 \u0627\u0644\u0648\u0631\u0645 \u0628\u062f\u0642\u0629 \u062a\u0627\u0645\u0629 \u0645\u0639 \u062a\u062c\u0646\u0628 \u0627\u0644\u062a\u0623\u062b\u064a\u0631 \u0639\u0644\u0649 \u0627\u0644\u0623\u0646\u0633\u062c\u0629 \u0627\u0644\u0633\u0644\u064a\u0645\u0629 \u0627\u0644\u0645\u062d\u064a\u0637\u0629\u060c \u0648\u0627\u0644\u0645\u0631\u064a\u0636 \u0644\u0627 \u064a\u0634\u0639\u0631 \u0628\u0623\u064a \u0623\u0644\u0645 \u0623\u0648 \u062d\u0631\u0627\u0631\u0629 \u062e\u0644\u0627\u0644 \u0627\u0644\u062c\u0644\u0633\u0627\u062a.<\/p>\n<\/li>\n<li>\n<p>\u0627\u0644\u0645\u062a\u0627\u0628\u0639\u0629: \u0623\u062b\u0646\u0627\u0621 \u0627\u0644\u0639\u0644\u0627\u062c\u060c \u064a\u0631\u0627\u0642\u0628 \u0627\u0644\u0641\u0631\u064a\u0642 \u0627\u0644\u0637\u0628\u064a \u0627\u0633\u062a\u062c\u0627\u0628\u0629 \u0627\u0644\u0645\u0631\u064a\u0636 \u0628\u0639\u0646\u0627\u064a\u0629 \u0648\u064a\u0639\u062f\u0644 \u062d\u0633\u0628 \u0627\u0644\u062d\u0627\u062c\u0629 \u062e\u0637\u0629 \u0627\u0644\u0639\u0644\u0627\u062c \u0628\u0646\u0627\u0621\u064b \u0639\u0644\u0649 \u062a\u0637\u0648\u0631 \u0627\u0644\u0648\u0631\u0645 \u0648\u0627\u0644\u0622\u062b\u0627\u0631 \u0627\u0644\u062c\u0627\u0646\u0628\u064a\u0629.<\/p>\n<\/li>\n<li>\n<p>\u0627\u0644\u0622\u062b\u0627\u0631 \u0627\u0644\u062c\u0627\u0646\u0628\u064a\u0629: \u0646\u0638\u0631\u064b\u0627 \u0644\u0623\u0646 \u0627\u0644\u0639\u0644\u0627\u062c \u0627\u0644\u0625\u0634\u0639\u0627\u0639\u064a \u0627\u0644\u062e\u0627\u0631\u062c\u064a \u064a\u0624\u062b\u0631 \u0623\u064a\u0636\u064b\u0627 \u0639\u0644\u0649 \u0627\u0644\u0623\u0646\u0633\u062c\u0629 \u0627\u0644\u0633\u0644\u064a\u0645\u0629 \u0627\u0644\u0645\u062c\u0627\u0648\u0631\u0629\u060c \u0642\u062f \u062a\u0638\u0647\u0631 \u0622\u062b\u0627\u0631 \u062c\u0627\u0646\u0628\u064a\u0629. \u062a\u062e\u062a\u0644\u0641 \u0647\u0630\u0647 \u0627\u0644\u0622\u062b\u0627\u0631 \u062d\u0633\u0628 \u0627\u0644\u0645\u0646\u0637\u0642\u0629 \u0627\u0644\u0645\u0639\u0627\u0644\u062c\u0629 \u0648\u064a\u0645\u0643\u0646 \u0623\u0646 \u062a\u0634\u0645\u0644 \u0627\u0644\u0625\u0631\u0647\u0627\u0642\u060c \u0648\u062a\u0647\u064a\u062c \u0627\u0644\u062c\u0644\u062f\u060c \u0648\u0627\u0644\u063a\u062b\u064a\u0627\u0646\u060c \u0648\u063a\u064a\u0631\u0647\u0627. \u064a\u0639\u0645\u0644 \u0627\u0644\u0641\u0631\u064a\u0642 \u0627\u0644\u0637\u0628\u064a \u0639\u0646 \u0643\u062b\u0628 \u0644\u062a\u062e\u0641\u064a\u0641 \u0647\u0630\u0647 \u0627\u0644\u0622\u062b\u0627\u0631 \u0627\u0644\u062c\u0627\u0646\u0628\u064a\u0629 \u0648\u062a\u062d\u0633\u064a\u0646 \u0627\u0644\u0631\u0627\u062d\u0629.<\/p>\n<\/li>\n<li>\n<p>\u0627\u0646\u062a\u0647\u0627\u0621 \u0627\u0644\u0639\u0644\u0627\u062c: \u0628\u0645\u062c\u0631\u062f \u0627\u0646\u062a\u0647\u0627\u0621 \u062c\u0645\u064a\u0639 \u062c\u0644\u0633\u0627\u062a \u0627\u0644\u0639\u0644\u0627\u062c \u0627\u0644\u0625\u0634\u0639\u0627\u0639\u064a \u0627\u0644\u0645\u0642\u0631\u0631\u0629\u060c \u064a\u0643\u062a\u0645\u0644 \u0627\u0644\u0639\u0644\u0627\u062c. \u064a\u0633\u062a\u0645\u0631 \u0627\u0644\u0645\u0631\u064a\u0636 \u0641\u064a \u0627\u0644\u0645\u062a\u0627\u0628\u0639\u0629 \u0628\u0627\u0646\u062a\u0638\u0627\u0645 \u0645\u0646 \u0642\u0628\u0644 \u0623\u062e\u0635\u0627\u0626\u064a \u0627\u0644\u0623\u0648\u0631\u0627\u0645 \u0644\u062a\u0642\u064a\u064a\u0645 \u0627\u0633\u062a\u062c\u0627\u0628\u0629 \u0627\u0644\u0639\u0644\u0627\u062c \u0648\u0645\u0631\u0627\u0642\u0628\u0629 \u0623\u064a \u0622\u062b\u0627\u0631 \u0637\u0648\u064a\u0644\u0629 \u0627\u0644\u0623\u0645\u062f.<\/p>\n<\/li>\n<\/ol>\n<p>\u0627\u0644\u0639\u0644\u0627\u062c \u0627\u0644\u0625\u0634\u0639\u0627\u0639\u064a \u0627\u0644\u062e\u0627\u0631\u062c\u064a \u0647\u0648 \u0639\u0644\u0627\u062c \u0645\u062b\u0628\u062a \u0648\u0641\u0639\u0627\u0644 \u0633\u0627\u0647\u0645 \u0641\u064a \u0646\u062c\u0627\u062d \u0639\u0644\u0627\u062c \u0627\u0644\u0639\u062f\u064a\u062f \u0645\u0646 \u0623\u0646\u0648\u0627\u0639 \u0627\u0644\u0633\u0631\u0637\u0627\u0646\u0627\u062a. \u062a\u0637\u0648\u0631 \u0627\u0644\u062a\u0642\u0646\u064a\u0627\u062a \u0648\u0637\u0631\u0642 \u0627\u0644\u0639\u0644\u0627\u062c \u0633\u0627\u0647\u0645 \u0641\u064a \u062a\u062d\u0633\u064a\u0646 \u0627\u0644\u062f\u0642\u0629 \u0648\u062a\u0642\u0644\u064a\u0644 \u0627\u0644\u0622\u062b\u0627\u0631 \u0627\u0644\u062c\u0627\u0646\u0628\u064a\u0629 \u0644\u062a\u0642\u062f\u064a\u0645 \u0631\u0639\u0627\u064a\u0629 \u0630\u0627\u062a \u062c\u0648\u062f\u0629 \u0639\u0627\u0644\u064a\u0629 \u0644\u0645\u0631\u0636\u0649 \u0627\u0644\u0633\u0631\u0637\u0627\u0646.<\/p>\n<div>\n<div>\n<div>\n<h5 class=\" translation-block\">\u0627\u0644\u0643\u064a\u0648\u0631\u064a\u062b\u064a\u0631\u0627\u0628\u064a\u060c \u0627\u0644\u0645\u0639\u0631\u0648\u0641 \u0623\u064a\u0636\u0627 \u0628\u0627\u0633\u0645 \u0627\u0644\u0639\u0644\u0627\u062c \u0627\u0644\u0625\u0634\u0639\u0627\u0639\u064a \u0627\u0644\u062f\u0627\u062e\u0644\u064a\u060c \u0647\u0648 \u062a\u0642\u0646\u064a\u0629 \u0644\u0639\u0644\u0627\u062c \u0627\u0644\u0633\u0631\u0637\u0627\u0646 \u062a\u062a\u0645\u062b\u0644 \u0641\u064a \u0648\u0636\u0639 \u0645\u0635\u0627\u062f\u0631 \u0625\u0634\u0639\u0627\u0639\u064a\u0629 \u0645\u0624\u062b\u0631\u0629 \u0645\u0628\u0627\u0634\u0631\u0629 \u062f\u0627\u062e\u0644 \u0627\u0644\u0648\u0631\u0645 \u0623\u0648 \u0628\u0627\u0644\u0642\u0631\u0628 \u0645\u0646\u0647. \u0641\u064a \u0627\u0644\u0645\u0642\u0627\u0628\u0644\u060c \u064a\u062a\u0645 \u062a\u0633\u0644\u064a\u0645 \u0627\u0644\u0625\u0634\u0639\u0627\u0639\u0627\u062a \u0641\u064a \u0627\u0644\u0639\u0644\u0627\u062c \u0627\u0644\u0625\u0634\u0639\u0627\u0639\u064a \u0627\u0644\u062e\u0627\u0631\u062c\u064a \u0645\u0646 \u062e\u0627\u0631\u062c \u0627\u0644\u062c\u0633\u0645.<\/h5>\n<p>\u0627\u0644\u0639\u0644\u0627\u062c \u0628\u0627\u0644\u062a\u0633\u0644\u064a\u0645 \u0627\u0644\u062f\u0627\u062e\u0644\u064a (\u0627\u0644\u0643\u064a\u0648\u0631\u064a\u062b\u064a\u0631\u0627\u0628\u064a) \u064a\u0642\u062f\u0645 \u062c\u0631\u0639\u0629 \u0639\u0627\u0644\u064a\u0629 \u0645\u0646 \u0627\u0644\u0625\u0634\u0639\u0627\u0639 \u0645\u0628\u0627\u0634\u0631\u0629 \u0625\u0644\u0649 \u0627\u0644\u0645\u0646\u0637\u0642\u0629 \u0627\u0644\u0645\u0633\u062a\u0647\u062f\u0641\u0629\u060c \u0645\u0645\u0627 \u064a\u0633\u0645\u062d \u0628\u062a\u0631\u0643\u064a\u0632 \u0627\u0644\u0639\u0644\u0627\u062c \u0639\u0644\u0649 \u0627\u0644\u0648\u0631\u0645 \u0645\u0639 \u0627\u0644\u062d\u0641\u0627\u0638 \u0639\u0644\u0649 \u0627\u0644\u0623\u0646\u0633\u062c\u0629 \u0627\u0644\u0633\u0644\u064a\u0645\u0629 \u0627\u0644\u0645\u062c\u0627\u0648\u0631\u0629.<\/p>\n<p>\u064a\u062a\u0645 \u0627\u0633\u062a\u062e\u062f\u0627\u0645 \u0627\u0644\u0643\u064a\u0648\u0631\u064a\u062b\u064a\u0631\u0627\u0628\u064a \u0644\u0639\u0644\u0627\u062c \u0628\u0639\u0636 \u0623\u0646\u0648\u0627\u0639 \u0627\u0644\u0633\u0631\u0637\u0627\u0646\u0627\u062a\u060c \u0628\u0645\u0627 \u0641\u064a \u0630\u0644\u0643 \u0633\u0631\u0637\u0627\u0646\u0627\u062a \u0627\u0644\u0623\u0639\u0636\u0627\u0621 \u0627\u0644\u062a\u0646\u0627\u0633\u0644\u064a\u0629 (\u0645\u062b\u0644 \u0633\u0631\u0637\u0627\u0646 \u0639\u0646\u0642 \u0627\u0644\u0631\u062d\u0645)\u060c \u0633\u0631\u0637\u0627\u0646 \u0627\u0644\u0628\u0631\u0648\u0633\u062a\u0627\u062a\u060c \u0633\u0631\u0637\u0627\u0646 \u0627\u0644\u062b\u062f\u064a \u0648\u0623\u0646\u0648\u0627\u0639 \u0623\u062e\u0631\u0649 \u0645\u0646 \u0627\u0644\u0623\u0648\u0631\u0627\u0645 \u0627\u0644\u0645\u062d\u062f\u062f\u0629 \u062c\u064a\u062f\u0627\u064b.<\/p>\n<p>\u064a\u062e\u062a\u0644\u0641 \u062a\u0646\u0641\u064a\u0630 \u0627\u0644\u0643\u064a\u0648\u0631\u064a\u062b\u064a\u0631\u0627\u0628\u064a \u0628\u0646\u0627\u0621\u064b \u0639\u0644\u0649 \u0646\u0648\u0639 \u0627\u0644\u0633\u0631\u0637\u0627\u0646 \u0648\u0645\u0648\u0642\u0639 \u0627\u0644\u0648\u0631\u0645. \u0641\u064a \u0628\u0639\u0636 \u0627\u0644\u062d\u0627\u0644\u0627\u062a\u060c \u062a\u064f\u0648\u0636\u064e\u0639 \u0627\u0644\u0645\u0635\u0627\u062f\u0631 \u0627\u0644\u0625\u0634\u0639\u0627\u0639\u064a\u0629 \u0645\u0628\u0627\u0634\u0631\u0629 \u0641\u064a \u0627\u0644\u0648\u0631\u0645\u060c \u0628\u064a\u0646\u0645\u0627 \u0641\u064a \u062d\u0627\u0644\u0627\u062a \u0623\u062e\u0631\u0649 \u064a\u0645\u0643\u0646 \u0648\u0636\u0639\u0647\u0627 \u0628\u0627\u0644\u0642\u0631\u0628 \u0645\u0646 \u0627\u0644\u0648\u0631\u0645 \u0628\u0627\u0633\u062a\u062e\u062f\u0627\u0645 \u0623\u0646\u0627\u0628\u064a\u0628 \u062a\u0648\u0635\u064a\u0644 \u0623\u0648 \u0645\u062c\u0647\u0631\u0627\u062a \u062e\u0627\u0635\u0629. \u062a\u062a\u0645 \u0639\u0627\u062f\u0629 \u0625\u062f\u062e\u0627\u0644 \u0627\u0644\u0645\u0635\u0627\u062f\u0631 \u0627\u0644\u0625\u0634\u0639\u0627\u0639\u064a\u0629 \u062a\u062d\u062a \u062a\u062e\u062f\u064a\u0631 \u0645\u0648\u0636\u0639\u064a \u0623\u0648 \u0639\u0627\u0645 \u0645\u0646 \u0642\u0628\u0644 \u0623\u062e\u0635\u0627\u0626\u064a \u0627\u0644\u0623\u0648\u0631\u0627\u0645 \u0627\u0644\u0645\u0634\u0639.<\/p>\n<p>\u0627\u0644\u0643\u064a\u0648\u0631\u064a\u062b\u064a\u0631\u0627\u0628\u064a \u064a\u0642\u062f\u0645 \u0627\u0644\u0639\u062f\u064a\u062f \u0645\u0646 \u0627\u0644\u0645\u0632\u0627\u064a\u0627\u060c \u0628\u0645\u0627 \u0641\u064a \u0630\u0644\u0643 \u062a\u0642\u062f\u064a\u0645 \u062c\u0631\u0639\u0629 \u0639\u0627\u0644\u064a\u0629 \u0645\u0628\u0627\u0634\u0631\u0629 \u0625\u0644\u0649 \u0627\u0644\u0648\u0631\u0645\u060c \u0648\u062a\u0642\u0644\u064a\u0644 \u0627\u0644\u0636\u0631\u0631 \u0639\u0644\u0649 \u0627\u0644\u0623\u0646\u0633\u062c\u0629 \u0627\u0644\u0633\u0644\u064a\u0645\u0629 \u0627\u0644\u0645\u062c\u0627\u0648\u0631\u0629\u060c \u0648\u062a\u0642\u0644\u064a\u0644 \u0645\u062f\u0629 \u0627\u0644\u0639\u0644\u0627\u062c \u0648\u0627\u0646\u062a\u0642\u0627\u0644\u0627\u062a \u0627\u0644\u0645\u0633\u062a\u0634\u0641\u0649. \u0648\u0645\u0639 \u0630\u0644\u0643\u060c \u0645\u062b\u0644 \u0623\u064a \u0639\u0644\u0627\u062c \u0644\u0644\u0633\u0631\u0637\u0627\u0646\u060c \u0647\u0646\u0627\u0643 \u0645\u062e\u0627\u0637\u0631 \u0648\u0622\u062b\u0627\u0631 \u062c\u0627\u0646\u0628\u064a\u0629 \u0645\u062d\u062a\u0645\u0644\u0629 \u0645\u0631\u062a\u0628\u0637\u0629 \u0628\u0627\u0644\u0643\u064a\u0648\u0631\u064a\u062b\u064a\u0631\u0627\u0628\u064a\u060c \u0648\u064a\u062a\u0645 \u062a\u062d\u062f\u064a\u062f \u0627\u0633\u062a\u062e\u062f\u0627\u0645\u0647\u0627 \u0628\u0646\u0627\u0621\u064b \u0639\u0644\u0649 \u0637\u0628\u064a\u0639\u0629 \u0627\u0644\u0645\u0631\u064a\u0636 \u0648\u0627\u0644\u0648\u0631\u0645 \u0645\u0646 \u0642\u0628\u0644 \u0623\u062e\u0635\u0627\u0626\u064a \u0627\u0644\u0623\u0648\u0631\u0627\u0645.<\/p>\n<\/div>\n<\/div>\n<\/div>\n<\/div>\n<\/div>\n<\/div>\t\t\t\t\t\t<\/div>\n\t\t\t\t<\/div>\n\t\t\t\t\t<\/div>\n\t\t<\/div>\n\t\t\t\t\t\t\t<\/div>\n\t\t<\/section>\n\t\t\t\t\t\t\t<\/div>","protected":false},"excerpt":{"rendered":"<p>Radioth\u00e9rapie Accueil Radioth\u00e9rapie Radioth\u00e9rapie et Curieth\u00e9rapie La radioth\u00e9rapie externe est un traitement non invasif qui utilise des rayonnements ionisants pour d\u00e9truire ou endommager les cellules canc\u00e9reuses au niveau de la tumeur, voici comment fonctionne et se d\u00e9roule g\u00e9n\u00e9ralement la radioth\u00e9rapie externe : \u00c9valuation initiale : Avant de commencer la radioth\u00e9rapie externe, le patient subit une&#8230;<\/p>","protected":false},"author":1,"featured_media":0,"parent":0,"menu_order":0,"comment_status":"closed","ping_status":"closed","template":"","meta":{"site-sidebar-layout":"no-sidebar","site-content-layout":"page-builder","ast-global-header-display":"","ast-main-header-display":"","ast-hfb-above-header-display":"","ast-hfb-below-header-display":"","ast-hfb-mobile-header-display":"","site-post-title":"disabled","ast-breadcrumbs-content":"","ast-featured-img":"","footer-sml-layout":"","theme-transparent-header-meta":"enabled","adv-header-id-meta":"","stick-header-meta":"","header-above-stick-meta":"","header-main-stick-meta":"","header-below-stick-meta":"","footnotes":""},"class_list":["post-635","page","type-page","status-publish","hentry"],"_links":{"self":[{"href":"https:\/\/oncologiebenimellal.ma\/ar\/wp-json\/wp\/v2\/pages\/635","targetHints":{"allow":["GET"]}}],"collection":[{"href":"https:\/\/oncologiebenimellal.ma\/ar\/wp-json\/wp\/v2\/pages"}],"about":[{"href":"https:\/\/oncologiebenimellal.ma\/ar\/wp-json\/wp\/v2\/types\/page"}],"author":[{"embeddable":true,"href":"https:\/\/oncologiebenimellal.ma\/ar\/wp-json\/wp\/v2\/users\/1"}],"replies":[{"embeddable":true,"href":"https:\/\/oncologiebenimellal.ma\/ar\/wp-json\/wp\/v2\/comments?post=635"}],"version-history":[{"count":13,"href":"https:\/\/oncologiebenimellal.ma\/ar\/wp-json\/wp\/v2\/pages\/635\/revisions"}],"predecessor-version":[{"id":816,"href":"https:\/\/oncologiebenimellal.ma\/ar\/wp-json\/wp\/v2\/pages\/635\/revisions\/816"}],"wp:attachment":[{"href":"https:\/\/oncologiebenimellal.ma\/ar\/wp-json\/wp\/v2\/media?parent=635"}],"curies":[{"name":"wp","href":"https:\/\/api.w.org\/{rel}","templated":true}]}}